{"id":2944,"date":"2021-09-24T21:28:53","date_gmt":"2021-09-24T21:28:53","guid":{"rendered":"https:\/\/montrealdanse.com\/?page_id=2944"},"modified":"2022-04-04T16:49:04","modified_gmt":"2022-04-04T16:49:04","slug":"foundations","status":"publish","type":"page","link":"https:\/\/montrealdanse.com\/en\/foundations\/","title":{"rendered":"Foundations"},"content":{"rendered":"\t\t<div data-elementor-type=\"wp-page\" data-elementor-id=\"2944\" class=\"elementor elementor-2944 elementor-1547\" data-elementor-post-type=\"page\">\n\t\t\t\t\t\t<nav class=\"elementor-section elementor-top-section elementor-element elementor-element-f4bb766 elementor-section-content-middle elementor-section-boxed elementor-section-height-default elementor-section-height-default\" data-id=\"f4bb766\" data-element_type=\"section\" data-e-type=\"section\" data-settings=\"{&quot;background_background&quot;:&quot;classic&quot;}\">\n\t\t\t\t\t\t<div class=\"elementor-container elementor-column-gap-no\">\n\t\t\t\t\t<div class=\"elementor-column elementor-col-33 elementor-top-column elementor-element elementor-element-221322d\" data-id=\"221322d\" data-element_type=\"column\" data-e-type=\"column\">\n\t\t\t<div class=\"elementor-widget-wrap elementor-element-populated\">\n\t\t\t\t\t\t<div class=\"elementor-element elementor-element-f8644bf elementor-nav-menu--dropdown-none sous-menu elementor-widget elementor-widget-nav-menu\" data-id=\"f8644bf\" data-element_type=\"widget\" data-e-type=\"widget\" data-settings=\"{&quot;layout&quot;:&quot;vertical&quot;,&quot;submenu_icon&quot;:{&quot;value&quot;:&quot;&lt;i class=\\&quot;fas fa-caret-down\\&quot; aria-hidden=\\&quot;true\\&quot;&gt;&lt;\\\/i&gt;&quot;,&quot;library&quot;:&quot;fa-solid&quot;}}\" data-widget_type=\"nav-menu.default\">\n\t\t\t\t<div class=\"elementor-widget-container\">\n\t\t\t\t\t\t\t\t<nav aria-label=\"Menu\" class=\"elementor-nav-menu--main elementor-nav-menu__container elementor-nav-menu--layout-vertical e--pointer-none\">\n\t\t\t\t<ul id=\"menu-1-f8644bf\" class=\"elementor-nav-menu sm-vertical\"><li class=\"menu-item menu-item-type-post_type menu-item-object-page menu-item-1552\"><a href=\"https:\/\/montrealdanse.com\/fondements\/\" class=\"elementor-item menu-link\">Foundations<\/a><\/li>\n<li class=\"menu-item menu-item-type-post_type menu-item-object-page menu-item-798\"><a href=\"https:\/\/montrealdanse.com\/ateliers-choregraphiques\/\" class=\"elementor-item menu-link\">Choreographic Workshops<\/a><\/li>\n<li class=\"menu-item menu-item-type-post_type menu-item-object-page menu-item-990\"><a href=\"https:\/\/montrealdanse.com\/ateliers-dramaturgiques\/\" class=\"elementor-item menu-link\">Dramaturgy Workshops<\/a><\/li>\n<li class=\"menu-item menu-item-type-post_type menu-item-object-page menu-item-984\"><a href=\"https:\/\/montrealdanse.com\/research-events\/\" class=\"elementor-item menu-link\">Research Events<\/a><\/li>\n<li class=\"menu-item menu-item-type-post_type menu-item-object-page menu-item-5833\"><a href=\"https:\/\/montrealdanse.com\/international-choreographers-retreat\/\" class=\"elementor-item menu-link\">International Choreographers Retreat<\/a><\/li>\n<\/ul>\t\t\t<\/nav>\n\t\t\t\t\t\t<nav class=\"elementor-nav-menu--dropdown elementor-nav-menu__container\" aria-hidden=\"true\">\n\t\t\t\t<ul id=\"menu-2-f8644bf\" class=\"elementor-nav-menu sm-vertical\"><li class=\"menu-item menu-item-type-post_type menu-item-object-page menu-item-1552\"><a href=\"https:\/\/montrealdanse.com\/fondements\/\" class=\"elementor-item menu-link\" tabindex=\"-1\">Foundations<\/a><\/li>\n<li class=\"menu-item menu-item-type-post_type menu-item-object-page menu-item-798\"><a href=\"https:\/\/montrealdanse.com\/ateliers-choregraphiques\/\" class=\"elementor-item menu-link\" tabindex=\"-1\">Choreographic Workshops<\/a><\/li>\n<li class=\"menu-item menu-item-type-post_type menu-item-object-page menu-item-990\"><a href=\"https:\/\/montrealdanse.com\/ateliers-dramaturgiques\/\" class=\"elementor-item menu-link\" tabindex=\"-1\">Dramaturgy Workshops<\/a><\/li>\n<li class=\"menu-item menu-item-type-post_type menu-item-object-page menu-item-984\"><a href=\"https:\/\/montrealdanse.com\/research-events\/\" class=\"elementor-item menu-link\" tabindex=\"-1\">Research Events<\/a><\/li>\n<li class=\"menu-item menu-item-type-post_type menu-item-object-page menu-item-5833\"><a href=\"https:\/\/montrealdanse.com\/international-choreographers-retreat\/\" class=\"elementor-item menu-link\" tabindex=\"-1\">International Choreographers Retreat<\/a><\/li>\n<\/ul>\t\t\t<\/nav>\n\t\t\t\t\t\t<\/div>\n\t\t\t\t<\/div>\n\t\t\t\t<div class=\"elementor-element elementor-element-3dbed61 elementor-widget-divider--view-line elementor-widget elementor-widget-divider\" data-id=\"3dbed61\" data-element_type=\"widget\" data-e-type=\"widget\" data-widget_type=\"divider.default\">\n\t\t\t\t<div class=\"elementor-widget-container\">\n\t\t\t\t\t\t\t<div class=\"elementor-divider\">\n\t\t\t<span class=\"elementor-divider-separator\">\n\t\t\t\t\t\t<\/span>\n\t\t<\/div>\n\t\t\t\t\t\t<\/div>\n\t\t\t\t<\/div>\n\t\t\t\t\t<\/div>\n\t\t<\/div>\n\t\t\t\t<div class=\"elementor-column elementor-col-33 elementor-top-column elementor-element elementor-element-4d8a367\" data-id=\"4d8a367\" data-element_type=\"column\" data-e-type=\"column\">\n\t\t\t<div class=\"elementor-widget-wrap elementor-element-populated\">\n\t\t\t\t\t\t<div class=\"elementor-element elementor-element-257d8c3 elementor-widget elementor-widget-spacer\" data-id=\"257d8c3\" data-element_type=\"widget\" data-e-type=\"widget\" data-widget_type=\"spacer.default\">\n\t\t\t\t<div class=\"elementor-widget-container\">\n\t\t\t\t\t\t\t<div class=\"elementor-spacer\">\n\t\t\t<div class=\"elementor-spacer-inner\"><\/div>\n\t\t<\/div>\n\t\t\t\t\t\t<\/div>\n\t\t\t\t<\/div>\n\t\t\t\t\t<\/div>\n\t\t<\/div>\n\t\t\t\t<div class=\"elementor-column elementor-col-33 elementor-top-column elementor-element elementor-element-1840c24\" data-id=\"1840c24\" data-element_type=\"column\" data-e-type=\"column\">\n\t\t\t<div class=\"elementor-widget-wrap elementor-element-populated\">\n\t\t\t\t\t\t<div class=\"elementor-element elementor-element-d7a479e elementor-widget elementor-widget-heading\" data-id=\"d7a479e\" data-element_type=\"widget\" data-e-type=\"widget\" data-widget_type=\"heading.default\">\n\t\t\t\t<div class=\"elementor-widget-container\">\n\t\t\t\t\t<h1 class=\"elementor-heading-title elementor-size-default\">Foundations<\/h1>\t\t\t\t<\/div>\n\t\t\t\t<\/div>\n\t\t\t\t<section class=\"elementor-section elementor-inner-section elementor-element elementor-element-b33c617 elementor-reverse-mobile elementor-section-boxed elementor-section-height-default elementor-section-height-default\" data-id=\"b33c617\" data-element_type=\"section\" data-e-type=\"section\">\n\t\t\t\t\t\t<div class=\"elementor-container elementor-column-gap-default\">\n\t\t\t\t\t<div class=\"elementor-column elementor-col-33 elementor-inner-column elementor-element elementor-element-e81b67b\" data-id=\"e81b67b\" data-element_type=\"column\" data-e-type=\"column\">\n\t\t\t<div class=\"elementor-widget-wrap elementor-element-populated\">\n\t\t\t\t\t\t<div class=\"elementor-element elementor-element-b0d9c1b elementor-widget elementor-widget-text-editor\" data-id=\"b0d9c1b\" data-element_type=\"widget\" data-e-type=\"widget\" data-widget_type=\"text-editor.default\">\n\t\t\t\t<div class=\"elementor-widget-container\">\n\t\t\t\t\t\t\t\t\t<p>Dramaturgical questioning and thinking are inherent to our creations. This curiosity for getting to the heart of art making concerns also drives our interest in developing <strong>research laboratories<\/strong> and <strong>choreographic workshops<\/strong> as well as a variety of <strong>forums<\/strong> to think together about artistic practice.<\/p><p>Our perspective on dramaturgical thinking is that it is an embodied process in which moving, watching and talking are recognized as equal and necessary means to be in dialogue with a creative project. We see works as relationships that are in evolution throughout a process.\u00a0 These relationships are multiple and can be between people, objects, space, time, light and sound but they are also relationships with individual and societal histories and cultures. As these relationships form and then shift in a process, a creative work is forming and shifting. Our development activities are ways we want to both share and learn approaches to keeping track of these emerging ideas and interrelationships.<\/p><p>As conceptions of what is possible or necessary in art making evolve, so does the dramaturgical thinking surrounding these conceptions. Organizing events that aim specifically at talking over together, as a community, about our creative, social and political concerns is something we enjoy and prioritize.<\/p>\t\t\t\t\t\t\t\t<\/div>\n\t\t\t\t<\/div>\n\t\t\t\t\t<\/div>\n\t\t<\/div>\n\t\t\t\t<div class=\"elementor-column elementor-col-33 elementor-inner-column elementor-element elementor-element-31c3eda\" data-id=\"31c3eda\" data-element_type=\"column\" data-e-type=\"column\">\n\t\t\t<div class=\"elementor-widget-wrap\">\n\t\t\t\t\t\t\t<\/div>\n\t\t<\/div>\n\t\t\t\t<div class=\"elementor-column elementor-col-33 elementor-inner-column elementor-element elementor-element-38e01c0\" data-id=\"38e01c0\" data-element_type=\"column\" data-e-type=\"column\">\n\t\t\t<div class=\"elementor-widget-wrap\">\n\t\t\t\t\t\t\t<\/div>\n\t\t<\/div>\n\t\t\t\t\t<\/div>\n\t\t<\/section>\n\t\t\t\t\t<\/div>\n\t\t<\/div>\n\t\t\t\t\t<\/div>\n\t\t<\/nav>\n\t\t\t\t<\/div>\n\t\t","protected":false},"excerpt":{"rendered":"<p>Foundations Dramaturgical questioning and thinking are inherent to our creations. This curiosity for getting to the heart of art making concerns also drives our interest in developing research laboratories and choreographic workshops as well as a variety of forums to think together about artistic practice. Our perspective on dramaturgical thinking is that it is an [&hellip;]<\/p>\n","protected":false},"author":1,"featured_media":0,"parent":0,"menu_order":0,"comment_status":"closed","ping_status":"closed","template":"elementor_header_footer","meta":{"_acf_changed":false,"site-sidebar-layout":"no-sidebar","site-content-layout":"page-builder","ast-site-content-layout":"default","site-content-style":"default","site-sidebar-style":"default","ast-global-header-display":"","ast-banner-title-visibility":"","ast-main-header-display":"","ast-hfb-above-header-display":"","ast-hfb-below-header-display":"","ast-hfb-mobile-header-display":"","site-post-title":"disabled","ast-breadcrumbs-content":"","ast-featured-img":"disabled","footer-sml-layout":"","ast-disable-related-posts":"","theme-transparent-header-meta":"default","adv-header-id-meta":"","stick-header-meta":"","header-above-stick-meta":"","header-main-stick-meta":"","header-below-stick-meta":"","astra-migrate-meta-layouts":"default","ast-page-background-enabled":"default","ast-page-background-meta":{"desktop":{"background-color":"","background-image":"","background-repeat":"repeat","background-position":"center center","background-size":"auto","background-attachment":"scroll","background-type":"","background-media":"","overlay-type":"","overlay-color":"","overlay-opacity":"","overlay-gradient":""},"tablet":{"background-color":"","background-image":"","background-repeat":"repeat","background-position":"center center","background-size":"auto","background-attachment":"scroll","background-type":"","background-media":"","overlay-type":"","overlay-color":"","overlay-opacity":"","overlay-gradient":""},"mobile":{"background-color":"","background-image":"","background-repeat":"repeat","background-position":"center center","background-size":"auto","background-attachment":"scroll","background-type":"","background-media":"","overlay-type":"","overlay-color":"","overlay-opacity":"","overlay-gradient":""}},"ast-content-background-meta":{"desktop":{"background-color":"var(--ast-global-color-5)","background-image":"","background-repeat":"repeat","background-position":"center center","background-size":"auto","background-attachment":"scroll","background-type":"","background-media":"","overlay-type":"","overlay-color":"","overlay-opacity":"","overlay-gradient":""},"tablet":{"background-color":"var(--ast-global-color-5)","background-image":"","background-repeat":"repeat","background-position":"center center","background-size":"auto","background-attachment":"scroll","background-type":"","background-media":"","overlay-type":"","overlay-color":"","overlay-opacity":"","overlay-gradient":""},"mobile":{"background-color":"var(--ast-global-color-5)","background-image":"","background-repeat":"repeat","background-position":"center center","background-size":"auto","background-attachment":"scroll","background-type":"","background-media":"","overlay-type":"","overlay-color":"","overlay-opacity":"","overlay-gradient":""}},"footnotes":""},"class_list":["post-2944","page","type-page","status-publish","hentry"],"acf":[],"yoast_head":"<!-- This site is optimized with the Yoast SEO plugin v27.3 - https:\/\/yoast.com\/product\/yoast-seo-wordpress\/ -->\n<title>Foundations - Montr\u00e9al Danse<\/title>\n<meta name=\"robots\" content=\"index, follow, max-snippet:-1, max-image-preview:large, max-video-preview:-1\" \/>\n<link rel=\"canonical\" href=\"https:\/\/montrealdanse.com\/en\/foundations\/\" \/>\n<meta property=\"og:locale\" content=\"en_US\" \/>\n<meta property=\"og:type\" content=\"article\" \/>\n<meta property=\"og:title\" content=\"Foundations - Montr\u00e9al Danse\" \/>\n<meta property=\"og:description\" content=\"Foundations Dramaturgical questioning and thinking are inherent to our creations. This curiosity for getting to the heart of art making concerns also drives our interest in developing research laboratories and choreographic workshops as well as a variety of forums to think together about artistic practice. Our perspective on dramaturgical thinking is that it is an [&hellip;]\" \/>\n<meta property=\"og:url\" content=\"https:\/\/montrealdanse.com\/en\/foundations\/\" \/>\n<meta property=\"og:site_name\" content=\"Montr\u00e9al Danse\" \/>\n<meta property=\"article:publisher\" content=\"https:\/\/www.facebook.com\/montrealdanse\/\" \/>\n<meta property=\"article:modified_time\" content=\"2022-04-04T16:49:04+00:00\" \/>\n<meta property=\"og:image\" content=\"https:\/\/montrealdanse.com\/wp-content\/uploads\/2020\/06\/MTLdanse-logo-gris.png\" \/>\n\t<meta property=\"og:image:width\" content=\"550\" \/>\n\t<meta property=\"og:image:height\" content=\"617\" \/>\n\t<meta property=\"og:image:type\" content=\"image\/png\" \/>\n<meta name=\"twitter:card\" content=\"summary_large_image\" \/>\n<meta name=\"twitter:label1\" content=\"Est. reading time\" \/>\n\t<meta name=\"twitter:data1\" content=\"1 minute\" \/>\n<script type=\"application\/ld+json\" class=\"yoast-schema-graph\">{\"@context\":\"https:\\\/\\\/schema.org\",\"@graph\":[{\"@type\":\"WebPage\",\"@id\":\"https:\\\/\\\/montrealdanse.com\\\/en\\\/foundations\\\/\",\"url\":\"https:\\\/\\\/montrealdanse.com\\\/en\\\/foundations\\\/\",\"name\":\"Foundations - Montr\u00e9al Danse\",\"isPartOf\":{\"@id\":\"https:\\\/\\\/montrealdanse.com\\\/#website\"},\"datePublished\":\"2021-09-24T21:28:53+00:00\",\"dateModified\":\"2022-04-04T16:49:04+00:00\",\"breadcrumb\":{\"@id\":\"https:\\\/\\\/montrealdanse.com\\\/en\\\/foundations\\\/#breadcrumb\"},\"inLanguage\":\"en-US\",\"potentialAction\":[{\"@type\":\"ReadAction\",\"target\":[\"https:\\\/\\\/montrealdanse.com\\\/en\\\/foundations\\\/\"]}]},{\"@type\":\"BreadcrumbList\",\"@id\":\"https:\\\/\\\/montrealdanse.com\\\/en\\\/foundations\\\/#breadcrumb\",\"itemListElement\":[{\"@type\":\"ListItem\",\"position\":1,\"name\":\"Accueil\",\"item\":\"https:\\\/\\\/montrealdanse.com\\\/en\\\/\"},{\"@type\":\"ListItem\",\"position\":2,\"name\":\"Foundations\"}]},{\"@type\":\"WebSite\",\"@id\":\"https:\\\/\\\/montrealdanse.com\\\/#website\",\"url\":\"https:\\\/\\\/montrealdanse.com\\\/\",\"name\":\"Montr\u00e9al Danse\",\"description\":\"Plateforme de d\u00e9veloppement chor\u00e9graphique\",\"publisher\":{\"@id\":\"https:\\\/\\\/montrealdanse.com\\\/#organization\"},\"potentialAction\":[{\"@type\":\"SearchAction\",\"target\":{\"@type\":\"EntryPoint\",\"urlTemplate\":\"https:\\\/\\\/montrealdanse.com\\\/?s={search_term_string}\"},\"query-input\":{\"@type\":\"PropertyValueSpecification\",\"valueRequired\":true,\"valueName\":\"search_term_string\"}}],\"inLanguage\":\"en-US\"},{\"@type\":\"Organization\",\"@id\":\"https:\\\/\\\/montrealdanse.com\\\/#organization\",\"name\":\"Montr\u00e9al Danse\",\"url\":\"https:\\\/\\\/montrealdanse.com\\\/\",\"logo\":{\"@type\":\"ImageObject\",\"inLanguage\":\"en-US\",\"@id\":\"https:\\\/\\\/montrealdanse.com\\\/#\\\/schema\\\/logo\\\/image\\\/\",\"url\":\"https:\\\/\\\/montrealdanse.com\\\/wp-content\\\/uploads\\\/2020\\\/06\\\/MTLdanse-logo-gris.png\",\"contentUrl\":\"https:\\\/\\\/montrealdanse.com\\\/wp-content\\\/uploads\\\/2020\\\/06\\\/MTLdanse-logo-gris.png\",\"width\":550,\"height\":617,\"caption\":\"Montr\u00e9al Danse\"},\"image\":{\"@id\":\"https:\\\/\\\/montrealdanse.com\\\/#\\\/schema\\\/logo\\\/image\\\/\"},\"sameAs\":[\"https:\\\/\\\/www.facebook.com\\\/montrealdanse\\\/\",\"https:\\\/\\\/www.youtube.com\\\/channel\\\/UChK7CVWngZK7unMUi_rALhg\"]}]}<\/script>\n<!-- \/ Yoast SEO plugin. -->","yoast_head_json":{"title":"Foundations - Montr\u00e9al Danse","robots":{"index":"index","follow":"follow","max-snippet":"max-snippet:-1","max-image-preview":"max-image-preview:large","max-video-preview":"max-video-preview:-1"},"canonical":"https:\/\/montrealdanse.com\/en\/foundations\/","og_locale":"en_US","og_type":"article","og_title":"Foundations - Montr\u00e9al Danse","og_description":"Foundations Dramaturgical questioning and thinking are inherent to our creations. This curiosity for getting to the heart of art making concerns also drives our interest in developing research laboratories and choreographic workshops as well as a variety of forums to think together about artistic practice. Our perspective on dramaturgical thinking is that it is an [&hellip;]","og_url":"https:\/\/montrealdanse.com\/en\/foundations\/","og_site_name":"Montr\u00e9al Danse","article_publisher":"https:\/\/www.facebook.com\/montrealdanse\/","article_modified_time":"2022-04-04T16:49:04+00:00","og_image":[{"width":550,"height":617,"url":"https:\/\/montrealdanse.com\/wp-content\/uploads\/2020\/06\/MTLdanse-logo-gris.png","type":"image\/png"}],"twitter_card":"summary_large_image","twitter_misc":{"Est. reading time":"1 minute"},"schema":{"@context":"https:\/\/schema.org","@graph":[{"@type":"WebPage","@id":"https:\/\/montrealdanse.com\/en\/foundations\/","url":"https:\/\/montrealdanse.com\/en\/foundations\/","name":"Foundations - Montr\u00e9al Danse","isPartOf":{"@id":"https:\/\/montrealdanse.com\/#website"},"datePublished":"2021-09-24T21:28:53+00:00","dateModified":"2022-04-04T16:49:04+00:00","breadcrumb":{"@id":"https:\/\/montrealdanse.com\/en\/foundations\/#breadcrumb"},"inLanguage":"en-US","potentialAction":[{"@type":"ReadAction","target":["https:\/\/montrealdanse.com\/en\/foundations\/"]}]},{"@type":"BreadcrumbList","@id":"https:\/\/montrealdanse.com\/en\/foundations\/#breadcrumb","itemListElement":[{"@type":"ListItem","position":1,"name":"Accueil","item":"https:\/\/montrealdanse.com\/en\/"},{"@type":"ListItem","position":2,"name":"Foundations"}]},{"@type":"WebSite","@id":"https:\/\/montrealdanse.com\/#website","url":"https:\/\/montrealdanse.com\/","name":"Montr\u00e9al Danse","description":"Plateforme de d\u00e9veloppement chor\u00e9graphique","publisher":{"@id":"https:\/\/montrealdanse.com\/#organization"},"potentialAction":[{"@type":"SearchAction","target":{"@type":"EntryPoint","urlTemplate":"https:\/\/montrealdanse.com\/?s={search_term_string}"},"query-input":{"@type":"PropertyValueSpecification","valueRequired":true,"valueName":"search_term_string"}}],"inLanguage":"en-US"},{"@type":"Organization","@id":"https:\/\/montrealdanse.com\/#organization","name":"Montr\u00e9al Danse","url":"https:\/\/montrealdanse.com\/","logo":{"@type":"ImageObject","inLanguage":"en-US","@id":"https:\/\/montrealdanse.com\/#\/schema\/logo\/image\/","url":"https:\/\/montrealdanse.com\/wp-content\/uploads\/2020\/06\/MTLdanse-logo-gris.png","contentUrl":"https:\/\/montrealdanse.com\/wp-content\/uploads\/2020\/06\/MTLdanse-logo-gris.png","width":550,"height":617,"caption":"Montr\u00e9al Danse"},"image":{"@id":"https:\/\/montrealdanse.com\/#\/schema\/logo\/image\/"},"sameAs":["https:\/\/www.facebook.com\/montrealdanse\/","https:\/\/www.youtube.com\/channel\/UChK7CVWngZK7unMUi_rALhg"]}]}},"_links":{"self":[{"href":"https:\/\/montrealdanse.com\/en\/wp-json\/wp\/v2\/pages\/2944","targetHints":{"allow":["GET"]}}],"collection":[{"href":"https:\/\/montrealdanse.com\/en\/wp-json\/wp\/v2\/pages"}],"about":[{"href":"https:\/\/montrealdanse.com\/en\/wp-json\/wp\/v2\/types\/page"}],"author":[{"embeddable":true,"href":"https:\/\/montrealdanse.com\/en\/wp-json\/wp\/v2\/users\/1"}],"replies":[{"embeddable":true,"href":"https:\/\/montrealdanse.com\/en\/wp-json\/wp\/v2\/comments?post=2944"}],"version-history":[{"count":2,"href":"https:\/\/montrealdanse.com\/en\/wp-json\/wp\/v2\/pages\/2944\/revisions"}],"predecessor-version":[{"id":3424,"href":"https:\/\/montrealdanse.com\/en\/wp-json\/wp\/v2\/pages\/2944\/revisions\/3424"}],"wp:attachment":[{"href":"https:\/\/montrealdanse.com\/en\/wp-json\/wp\/v2\/media?parent=2944"}],"curies":[{"name":"wp","href":"https:\/\/api.w.org\/{rel}","templated":true}]}}